{"id":26,"date":"2018-11-01T15:40:08","date_gmt":"2018-11-01T14:40:08","guid":{"rendered":"http:\/\/www.kaoutherbenamor.com\/?page_id=26"},"modified":"2019-05-17T20:27:35","modified_gmt":"2019-05-17T18:27:35","slug":"contact","status":"publish","type":"page","link":"https:\/\/www.kaoutherdanse.com\/en\/contact\/","title":{"rendered":"Contact"},"content":{"rendered":"<p>[vc_row][vc_column][vc_column_text]<\/p>\n<h1 style=\"text-align: center;\">Contact &#8211; Kaouther Ben Amor, Danse orientale Paris<\/h1>\n<blockquote><p>Spectacles, Cours et Stages de Danse Orientale<\/p><\/blockquote>\n<p>[\/vc_column_text][\/vc_column][\/vc_row][vc_row][vc_column width=&#8221;1\/2&#8243;]\n<div class=\"wpcf7 no-js\" id=\"wpcf7-f591-o1\" lang=\"fr-FR\" dir=\"ltr\" data-wpcf7-id=\"591\">\n<div class=\"screen-reader-response\"><p role=\"status\" aria-live=\"polite\" aria-atomic=\"true\"><\/p> <ul><\/ul><\/div>\n<form action=\"\/en\/wp-json\/wp\/v2\/pages\/26#wpcf7-f591-o1\" method=\"post\" class=\"wpcf7-form init\" aria-label=\"Formulaire de contact\" novalidate=\"novalidate\" data-status=\"init\">\n<fieldset class=\"hidden-fields-container\"><input type=\"hidden\" name=\"_wpcf7\" value=\"591\" \/><input type=\"hidden\" name=\"_wpcf7_version\" value=\"6.1.4\" \/><input type=\"hidden\" name=\"_wpcf7_locale\" value=\"fr_FR\" \/><input type=\"hidden\" name=\"_wpcf7_unit_tag\" value=\"wpcf7-f591-o1\" \/><input type=\"hidden\" name=\"_wpcf7_container_post\" value=\"0\" \/><input type=\"hidden\" name=\"_wpcf7_posted_data_hash\" value=\"\" \/><input type=\"hidden\" name=\"lang\" value=\"en\" \/>\n<\/fieldset>\n<p><label> Votre pr\u00e9nom *<br \/>\n<span class=\"wpcf7-form-control-wrap\" data-name=\"your-firstname\"><input size=\"40\" maxlength=\"400\" class=\"wpcf7-form-control wpcf7-text wpcf7-validates-as-required\" aria-required=\"true\" aria-invalid=\"false\" value=\"\" type=\"text\" name=\"your-firstname\" \/><\/span> <\/label>\n<\/p>\n<p><label> Votre nom *<br \/>\n<span class=\"wpcf7-form-control-wrap\" data-name=\"your-name\"><input size=\"40\" maxlength=\"400\" class=\"wpcf7-form-control wpcf7-text wpcf7-validates-as-required\" aria-required=\"true\" aria-invalid=\"false\" value=\"\" type=\"text\" name=\"your-name\" \/><\/span> <\/label>\n<\/p>\n<p><label> Email pour vous r\u00e9pondre *<br \/>\n<span class=\"wpcf7-form-control-wrap\" data-name=\"your-email\"><input size=\"40\" maxlength=\"400\" class=\"wpcf7-form-control wpcf7-email wpcf7-validates-as-required wpcf7-text wpcf7-validates-as-email\" aria-required=\"true\" aria-invalid=\"false\" value=\"\" type=\"email\" name=\"your-email\" \/><\/span> <\/label>\n<\/p>\n<p><label> Motif *<br \/>\n<span class=\"wpcf7-form-control-wrap\" data-name=\"your-subject\"><select class=\"wpcf7-form-control wpcf7-select wpcf7-validates-as-required\" aria-required=\"true\" aria-invalid=\"false\" name=\"your-subject\"><option value=\"Livre d&#039;or \/ T\u00e9moignage\">Livre d&#039;or \/ T\u00e9moignage<\/option><option value=\"Inscription aux cours \/ stages\">Inscription aux cours \/ stages<\/option><option value=\"Rendez-vous Prestation\">Rendez-vous Prestation<\/option><option value=\"Partenariat\">Partenariat<\/option><option value=\"Autre prise de contact\">Autre prise de contact<\/option><\/select><\/span><\/label>\n<\/p>\n<p><label> Votre message<br \/>\n<span class=\"wpcf7-form-control-wrap\" data-name=\"your-message\"><textarea cols=\"40\" rows=\"10\" maxlength=\"2000\" class=\"wpcf7-form-control wpcf7-textarea\" aria-invalid=\"false\" name=\"your-message\"><\/textarea><\/span> <\/label>\n<\/p>\n<p><input class=\"wpcf7-form-control wpcf7-submit has-spinner\" type=\"submit\" value=\"Envoyer\" \/>\n<\/p><p style=\"display: none !important;\" class=\"akismet-fields-container\" data-prefix=\"_wpcf7_ak_\"><label>&#916;<textarea name=\"_wpcf7_ak_hp_textarea\" cols=\"45\" rows=\"8\" maxlength=\"100\"><\/textarea><\/label><input type=\"hidden\" id=\"ak_js_1\" name=\"_wpcf7_ak_js\" value=\"219\"\/><script>document.getElementById( \"ak_js_1\" ).setAttribute( \"value\", ( new Date() ).getTime() );<\/script><\/p><div class=\"wpcf7-response-output\" aria-hidden=\"true\"><\/div>\n<\/form>\n<\/div>\n[\/vc_column][vc_column width=&#8221;1\/2&#8243;][vc_column_text css_animation=&#8221;fadeInRight&#8221;]<img loading=\"lazy\" decoding=\"async\" class=\"aligncenter wp-image-313 size-full\" src=\"http:\/\/www.kaoutherdanse.com\/wp-content\/uploads\/2018\/11\/Kaouther_Ben_Amor_L_Artiste_ws55500328.jpg\" alt=\"\" width=\"837\" height=\"1000\" srcset=\"https:\/\/www.kaoutherdanse.com\/wp-content\/uploads\/2018\/11\/Kaouther_Ben_Amor_L_Artiste_ws55500328.jpg 837w, https:\/\/www.kaoutherdanse.com\/wp-content\/uploads\/2018\/11\/Kaouther_Ben_Amor_L_Artiste_ws55500328-251x300.jpg 251w, https:\/\/www.kaoutherdanse.com\/wp-content\/uploads\/2018\/11\/Kaouther_Ben_Amor_L_Artiste_ws55500328-768x918.jpg 768w, https:\/\/www.kaoutherdanse.com\/wp-content\/uploads\/2018\/11\/Kaouther_Ben_Amor_L_Artiste_ws55500328-122x146.jpg 122w, https:\/\/www.kaoutherdanse.com\/wp-content\/uploads\/2018\/11\/Kaouther_Ben_Amor_L_Artiste_ws55500328-42x50.jpg 42w, https:\/\/www.kaoutherdanse.com\/wp-content\/uploads\/2018\/11\/Kaouther_Ben_Amor_L_Artiste_ws55500328-63x75.jpg 63w\" sizes=\"auto, (max-width: 837px) 100vw, 837px\" \/>[\/vc_column_text][\/vc_column][\/vc_row][vc_row][vc_column][vc_column_text]<hr class=\" hr_color\" style=\"margin: 0 auto 30px;\"\/>\n[\/vc_column_text][\/vc_column][\/vc_row][vc_row][vc_column width=&#8221;1\/2&#8243;][vc_column_text]<iframe loading=\"lazy\" style=\"border: none; overflow: hidden;\" src=\"https:\/\/www.facebook.com\/plugins\/page.php?href=https%3A%2F%2Fwww.facebook.com%2Fkaoutherbenamordance%2F&#038;tabs=timeline&#038;width=500&#038;height=500&#038;small_header=false&#038;adapt_container_width=true&#038;hide_cover=false&#038;show_facepile=true&#038;appId\" width=\"500\" height=\"500\" frameborder=\"0\" scrolling=\"no\"><\/iframe>[\/vc_column_text][\/vc_column][vc_column width=&#8221;1\/2&#8243;][vc_column_text]<\/p>\n<h2>Acad\u00e9mie des Arts Chor\u00e9graphiques<\/h2>\n            <script type=\"text\/javascript\">\r\n                jQuery(document).ready(function ($) {\r\n                    var wgm_map = new google.maps.Map(document.getElementById(\"srm_gmp_embed_1\"), {\r\n                        center: new google.maps.LatLng(48.884562,2.3322180000000117),\r\n                        zoom: 15,\r\n                        mapTypeId: google.maps.MapTypeId.ROADMAP,\r\n                        scrollwheel: true,\r\n                        zoomControl: true,\r\n                        mapTypeControl: true,\r\n                        streetViewControl: true,\r\n                        fullscreenControl: true,\r\n                        draggable: true,\r\n                        disableDoubleClickZoom: false,\r\n                        panControl: true                    });\r\n                    var wgm_theme_json = '';\r\n                    if (wgm_theme_json.length > 0) {\r\n                        wgm_map.setOptions({ styles: JSON.parse(wgm_theme_json) });\r\n                    }\r\n                    \/\/ To view directions form and data\r\n                                        var wgm_data_1 = {\r\n                        'action': 'wpgmapembed_p_get_markers_by_map_id',\r\n                        'data': {\r\n                            map_id: '187',\r\n                            ajax_nonce: 'f1b028ac0a'\r\n                        }\r\n                    };\r\n                    var wgm_ajaxurl_1 = 'https:\/\/www.kaoutherdanse.com\/wp-admin\/admin-ajax.php'\r\n                    jQuery.post(wgm_ajaxurl_1, wgm_data_1, function (response) {\r\n                        response = JSON.parse(response);\r\n                        if (response.markers.length === 1) {\r\n                            var wgm_marker_to_1 = response.markers[0].marker_desc;\/\/.replace(\/&gt;\/g, '>').replace(\/&lt;\/g, '<');\r\n                            jQuery('#srm_gmap_to_1').val(wgm_marker_to_1.replace(\/(<([^>]+)>)\/gi, \"\"));\r\n                        }\r\n                        var wgm_default_marker_icon_1 = 'https:\/\/maps.gstatic.com\/mapfiles\/api-3\/images\/spotlight-poi2.png';\r\n                        if (response.markers.length > 0) {\r\n                            var custom_markers = [];\r\n                            var custom_marker_infowindows = [];\r\n                            response.markers.forEach(function (wgm_marker, i) {\r\n                                var wgm_marker_lat_lng_1 = wgm_marker.lat_lng.split(',');\r\n                                wgm_custom_marker_1 = new google.maps.Marker({\r\n                                    position: new google.maps.LatLng(wgm_marker_lat_lng_1[0], wgm_marker_lat_lng_1[1]),\r\n                                    title: wgm_marker.marker_name,\r\n                                    animation: google.maps.Animation.DROP,\r\n                                    icon: (wgm_marker.icon === '') ? wgm_default_marker_icon_1 : wgm_marker.icon\r\n                                });\r\n                                custom_markers[i] = wgm_custom_marker_1;\r\n                                wgm_custom_marker_1.setMap(wgm_map);\r\n                                var wgm_marker_name_1 = (wgm_marker.marker_name !== null) ? ('<span class=\"info_content_title\" style=\"font-size:18px;font-weight: bold;font-family: Arial;\">'\r\n                                    + wgm_marker.marker_name +\r\n                                    '<\/span><br\/>') : '';\r\n                                \/\/wgm_marker.marker_desc = wgm_marker.marker_desc.replace(\/&gt;\/g, '>').replace(\/&lt;\/g, '<');\r\n                                custom_marker_infowindow = new google.maps.InfoWindow({\r\n                                    content: wgm_marker_name_1 + wgm_marker.marker_desc\r\n                                });\r\n                                custom_marker_infowindows[i] = custom_marker_infowindow;\r\n                                if (wgm_marker.show_desc_by_default === '1') {\r\n                                    custom_marker_infowindow.open({\r\n                                        anchor: wgm_custom_marker_1,\r\n                                        shouldFocus: false\r\n                                    });\r\n                                } else {\r\n                                    google.maps.event.addListener(wgm_custom_marker_1, 'click', function () {\r\n                                        custom_marker_infowindows[i].open({\r\n                                            anchor: custom_markers[i],\r\n                                            shouldFocus: false\r\n                                        });\r\n                                    });\r\n                                }\r\n                                if (wgm_marker.have_marker_link === '1') {\r\n                                    google.maps.event.addListener(wgm_custom_marker_1, 'click', function () {\r\n                                        var wgm_target = '_self';\r\n                                        if (wgm_marker.marker_link_new_tab === '1') {\r\n                                            wgm_target = '_blank';\r\n                                        }\r\n                                        window.open(wgm_marker.marker_link, wgm_target);\r\n                                    });\r\n                                }\r\n                            });\r\n                        }\r\n                    });\r\n                });\r\n\r\n            <\/script>\r\n\r\n            <div id=\"srm_gmp_embed_1\"\r\n                style=\"width:100% !important;height:300px  !important; \">\r\n            <\/div>\r\n                    \n<p>Acad\u00e9mie des Arts Chor\u00e9graphiques : 4bis cit\u00e9 V\u00e9ron, 75018 Paris.<\/p>\n<p>M\u00e9tro :\u00a0<img loading=\"lazy\" decoding=\"async\" class=\"alignnone\" src=\"https:\/\/www.ratp.fr\/sites\/default\/files\/lines-assets\/picto\/metro\/picto_metro_ligne-2.1496915880.svg\" alt=\"M\u00e9tro ligne 2\" width=\"20\" height=\"20\" \/>\u00a0Blanche \/\u00a0<img loading=\"lazy\" decoding=\"async\" class=\"alignnone\" src=\"https:\/\/www.ratp.fr\/sites\/default\/files\/lines-assets\/picto\/metro\/picto_metro_ligne-2.1496915880.svg\" alt=\"M\u00e9tro ligne 2\" width=\"20\" height=\"20\" \/>\u00a0<img loading=\"lazy\" decoding=\"async\" class=\"alignnone \" src=\"https:\/\/www.ratp.fr\/sites\/default\/files\/network\/metro\/ligne13.1496915879.svg\" alt=\"M\u00e9tro ligne 13\" width=\"20\" height=\"20\" \/>\u00a0Place de Clichy[\/vc_column_text][\/vc_column][\/vc_row][vc_row][vc_column][vc_column_text]<hr class=\" hr_color\" style=\"margin: 0 auto 30px;\"\/>\n<\/p>\n<p><strong>Cr\u00e9dits Photos sur le site<\/strong><\/p>\n<p>M. Joudi &#8211; Andr\u00e9 Elbing &#8211;\u00a0Gala Martines Lopes &#8211;\u00a0Denise Marino &#8211;\u00a0Margaux Rodrigues &#8211;\u00a0Colette Vernet &#8211;\u00a0Ayman Schoala[\/vc_column_text][\/vc_column][\/vc_row]<\/p>\n","protected":false},"excerpt":{"rendered":"<p>[vc_row][vc_column][vc_column_text] Contact &#8211; Kaouther Ben Amor, Danse orientale Paris Spectacles, Cours et Stages de Danse Orientale [\/vc_column_text][\/vc_column][\/vc_row][vc_row][vc_column width=&#8221;1\/2&#8243;][\/vc_column][vc_column width=&#8221;1\/2&#8243;][vc_column_text css_animation=&#8221;fadeInRight&#8221;][\/vc_column_text][\/vc_column][\/vc_row][vc_row][vc_column][vc_column_text][\/vc_column_text][\/vc_column][\/vc_row][vc_row][vc_column width=&#8221;1\/2&#8243;][vc_column_text][\/vc_column_text][\/vc_column][vc_column width=&#8221;1\/2&#8243;][vc_column_text] Acad\u00e9mie des Arts Chor\u00e9graphiques<span class=\"excerpt-hellip\"> [\u2026]<\/span><\/p>\n","protected":false},"author":2,"featured_media":0,"parent":0,"menu_order":0,"comment_status":"closed","ping_status":"closed","template":"","meta":{"footnotes":""},"class_list":["post-26","page","type-page","status-publish","hentry"],"yoast_head":"<!-- This site is optimized with the Yoast SEO plugin v26.6 - https:\/\/yoast.com\/wordpress\/plugins\/seo\/ -->\n<title>Contact<\/title>\n<meta name=\"robots\" content=\"index, follow, max-snippet:-1, max-image-preview:large, max-video-preview:-1\" \/>\n<link rel=\"canonical\" href=\"https:\/\/www.kaoutherdanse.com\/en\/contact\/\" \/>\n<meta property=\"og:locale\" content=\"en_US\" \/>\n<meta property=\"og:locale:alternate\" content=\"fr_FR\" \/>\n<meta property=\"og:locale:alternate\" content=\"es_ES\" \/>\n<meta property=\"og:locale:alternate\" content=\"it_IT\" \/>\n<meta property=\"og:locale:alternate\" content=\"de_DE\" \/>\n<meta property=\"og:locale:alternate\" content=\"nl_NL\" \/>\n<meta property=\"og:type\" content=\"article\" \/>\n<meta property=\"og:title\" content=\"Contact\" \/>\n<meta property=\"og:description\" content=\"[vc_row][vc_column][vc_column_text] Contact &#8211; Kaouther Ben Amor, Danse orientale Paris Spectacles, Cours et Stages de Danse Orientale [\/vc_column_text][\/vc_column][\/vc_row][vc_row][vc_column width=&#8221;1\/2&#8243;][\/vc_column][vc_column width=&#8221;1\/2&#8243;][vc_column_text css_animation=&#8221;fadeInRight&#8221;][\/vc_column_text][\/vc_column][\/vc_row][vc_row][vc_column][vc_column_text][\/vc_column_text][\/vc_column][\/vc_row][vc_row][vc_column width=&#8221;1\/2&#8243;][vc_column_text][\/vc_column_text][\/vc_column][vc_column width=&#8221;1\/2&#8243;][vc_column_text] Acad\u00e9mie des Arts Chor\u00e9graphiques [\u2026]\" \/>\n<meta property=\"og:url\" content=\"https:\/\/www.kaoutherdanse.com\/en\/contact\/\" \/>\n<meta property=\"og:site_name\" content=\"Kaouther Ben Amor - Cours de Danse Orientale Paris\" \/>\n<meta property=\"article:publisher\" content=\"https:\/\/www.facebook.com\/kaoutherbenamordance\" \/>\n<meta property=\"article:modified_time\" content=\"2019-05-17T18:27:35+00:00\" \/>\n<meta property=\"og:image\" content=\"http:\/\/www.kaoutherdanse.com\/wp-content\/uploads\/2018\/11\/Kaouther_Ben_Amor_L_Artiste_ws55500328.jpg\" \/>\n<meta name=\"twitter:card\" content=\"summary_large_image\" \/>\n<meta name=\"twitter:label1\" content=\"Est. reading time\" \/>\n\t<meta name=\"twitter:data1\" content=\"1 minute\" \/>\n<script type=\"application\/ld+json\" class=\"yoast-schema-graph\">{\"@context\":\"https:\/\/schema.org\",\"@graph\":[{\"@type\":\"WebPage\",\"@id\":\"https:\/\/www.kaoutherdanse.com\/contact\/\",\"url\":\"https:\/\/www.kaoutherdanse.com\/contact\/\",\"name\":\"Contact\",\"isPartOf\":{\"@id\":\"https:\/\/www.kaoutherdanse.com\/#website\"},\"primaryImageOfPage\":{\"@id\":\"https:\/\/www.kaoutherdanse.com\/contact\/#primaryimage\"},\"image\":{\"@id\":\"https:\/\/www.kaoutherdanse.com\/contact\/#primaryimage\"},\"thumbnailUrl\":\"http:\/\/www.kaoutherdanse.com\/wp-content\/uploads\/2018\/11\/Kaouther_Ben_Amor_L_Artiste_ws55500328.jpg\",\"datePublished\":\"2018-11-01T14:40:08+00:00\",\"dateModified\":\"2019-05-17T18:27:35+00:00\",\"breadcrumb\":{\"@id\":\"https:\/\/www.kaoutherdanse.com\/contact\/#breadcrumb\"},\"inLanguage\":\"en-US\",\"potentialAction\":[{\"@type\":\"ReadAction\",\"target\":[\"https:\/\/www.kaoutherdanse.com\/contact\/\"]}]},{\"@type\":\"ImageObject\",\"inLanguage\":\"en-US\",\"@id\":\"https:\/\/www.kaoutherdanse.com\/contact\/#primaryimage\",\"url\":\"http:\/\/www.kaoutherdanse.com\/wp-content\/uploads\/2018\/11\/Kaouther_Ben_Amor_L_Artiste_ws55500328.jpg\",\"contentUrl\":\"http:\/\/www.kaoutherdanse.com\/wp-content\/uploads\/2018\/11\/Kaouther_Ben_Amor_L_Artiste_ws55500328.jpg\"},{\"@type\":\"BreadcrumbList\",\"@id\":\"https:\/\/www.kaoutherdanse.com\/contact\/#breadcrumb\",\"itemListElement\":[{\"@type\":\"ListItem\",\"position\":1,\"name\":\"Accueil\",\"item\":\"https:\/\/www.kaoutherdanse.com\/\"},{\"@type\":\"ListItem\",\"position\":2,\"name\":\"Contact\"}]},{\"@type\":\"WebSite\",\"@id\":\"https:\/\/www.kaoutherdanse.com\/#website\",\"url\":\"https:\/\/www.kaoutherdanse.com\/\",\"name\":\"Kaouther Ben Amor - Cours de Danse Orientale Paris\",\"description\":\"Kaouther Ben Amor, Danseuse Orientale \u00e0 Paris, Cours de danse orientale \u00e0 Paris\",\"publisher\":{\"@id\":\"https:\/\/www.kaoutherdanse.com\/#organization\"},\"potentialAction\":[{\"@type\":\"SearchAction\",\"target\":{\"@type\":\"EntryPoint\",\"urlTemplate\":\"https:\/\/www.kaoutherdanse.com\/?s={search_term_string}\"},\"query-input\":{\"@type\":\"PropertyValueSpecification\",\"valueRequired\":true,\"valueName\":\"search_term_string\"}}],\"inLanguage\":\"en-US\"},{\"@type\":\"Organization\",\"@id\":\"https:\/\/www.kaoutherdanse.com\/#organization\",\"name\":\"Kaouther Ben Amor - Cours de Danse Orientale Paris\",\"url\":\"https:\/\/www.kaoutherdanse.com\/\",\"logo\":{\"@type\":\"ImageObject\",\"inLanguage\":\"en-US\",\"@id\":\"https:\/\/www.kaoutherdanse.com\/#\/schema\/logo\/image\/\",\"url\":\"https:\/\/www.kaoutherdanse.com\/wp-content\/uploads\/2018\/11\/LogoKaoutherComplet.jpg\",\"contentUrl\":\"https:\/\/www.kaoutherdanse.com\/wp-content\/uploads\/2018\/11\/LogoKaoutherComplet.jpg\",\"width\":959,\"height\":960,\"caption\":\"Kaouther Ben Amor - Cours de Danse Orientale Paris\"},\"image\":{\"@id\":\"https:\/\/www.kaoutherdanse.com\/#\/schema\/logo\/image\/\"},\"sameAs\":[\"https:\/\/www.facebook.com\/kaoutherbenamordance\",\"https:\/\/www.instagram.com\/kaoutherdanse\",\"https:\/\/www.youtube.com\/user\/Kaoutherdanse\"]}]}<\/script>\n<!-- \/ Yoast SEO plugin. -->","yoast_head_json":{"title":"Contact","robots":{"index":"index","follow":"follow","max-snippet":"max-snippet:-1","max-image-preview":"max-image-preview:large","max-video-preview":"max-video-preview:-1"},"canonical":"https:\/\/www.kaoutherdanse.com\/en\/contact\/","og_locale":"en_US","og_type":"article","og_title":"[:fr]Contact[:] | Kaouther Ben Amor - Cours de Danse Orientale Paris","og_description":"[vc_row][vc_column][vc_column_text] Contact &#8211; Kaouther Ben Amor, Danse orientale Paris Spectacles, Cours et Stages de Danse Orientale [\/vc_column_text][\/vc_column][\/vc_row][vc_row][vc_column width=&#8221;1\/2&#8243;][\/vc_column][vc_column width=&#8221;1\/2&#8243;][vc_column_text css_animation=&#8221;fadeInRight&#8221;][\/vc_column_text][\/vc_column][\/vc_row][vc_row][vc_column][vc_column_text][\/vc_column_text][\/vc_column][\/vc_row][vc_row][vc_column width=&#8221;1\/2&#8243;][vc_column_text][\/vc_column_text][\/vc_column][vc_column width=&#8221;1\/2&#8243;][vc_column_text] Acad\u00e9mie des Arts Chor\u00e9graphiques [\u2026]","og_url":"https:\/\/www.kaoutherdanse.com\/en\/contact\/","og_site_name":"Kaouther Ben Amor - Cours de Danse Orientale Paris","article_publisher":"https:\/\/www.facebook.com\/kaoutherbenamordance","article_modified_time":"2019-05-17T18:27:35+00:00","og_image":[{"url":"http:\/\/www.kaoutherdanse.com\/wp-content\/uploads\/2018\/11\/Kaouther_Ben_Amor_L_Artiste_ws55500328.jpg","type":"","width":"","height":""}],"twitter_card":"summary_large_image","twitter_misc":{"Est. reading time":"1 minute"},"schema":{"@context":"https:\/\/schema.org","@graph":[{"@type":"WebPage","@id":"https:\/\/www.kaoutherdanse.com\/contact\/","url":"https:\/\/www.kaoutherdanse.com\/contact\/","name":"Contact","isPartOf":{"@id":"https:\/\/www.kaoutherdanse.com\/#website"},"primaryImageOfPage":{"@id":"https:\/\/www.kaoutherdanse.com\/contact\/#primaryimage"},"image":{"@id":"https:\/\/www.kaoutherdanse.com\/contact\/#primaryimage"},"thumbnailUrl":"http:\/\/www.kaoutherdanse.com\/wp-content\/uploads\/2018\/11\/Kaouther_Ben_Amor_L_Artiste_ws55500328.jpg","datePublished":"2018-11-01T14:40:08+00:00","dateModified":"2019-05-17T18:27:35+00:00","breadcrumb":{"@id":"https:\/\/www.kaoutherdanse.com\/contact\/#breadcrumb"},"inLanguage":"en-US","potentialAction":[{"@type":"ReadAction","target":["https:\/\/www.kaoutherdanse.com\/contact\/"]}]},{"@type":"ImageObject","inLanguage":"en-US","@id":"https:\/\/www.kaoutherdanse.com\/contact\/#primaryimage","url":"http:\/\/www.kaoutherdanse.com\/wp-content\/uploads\/2018\/11\/Kaouther_Ben_Amor_L_Artiste_ws55500328.jpg","contentUrl":"http:\/\/www.kaoutherdanse.com\/wp-content\/uploads\/2018\/11\/Kaouther_Ben_Amor_L_Artiste_ws55500328.jpg"},{"@type":"BreadcrumbList","@id":"https:\/\/www.kaoutherdanse.com\/contact\/#breadcrumb","itemListElement":[{"@type":"ListItem","position":1,"name":"Accueil","item":"https:\/\/www.kaoutherdanse.com\/"},{"@type":"ListItem","position":2,"name":"Contact"}]},{"@type":"WebSite","@id":"https:\/\/www.kaoutherdanse.com\/#website","url":"https:\/\/www.kaoutherdanse.com\/","name":"Kaouther Ben Amor - Cours de Danse Orientale Paris","description":"Kaouther Ben Amor, Danseuse Orientale \u00e0 Paris, Cours de danse orientale \u00e0 Paris","publisher":{"@id":"https:\/\/www.kaoutherdanse.com\/#organization"},"potentialAction":[{"@type":"SearchAction","target":{"@type":"EntryPoint","urlTemplate":"https:\/\/www.kaoutherdanse.com\/?s={search_term_string}"},"query-input":{"@type":"PropertyValueSpecification","valueRequired":true,"valueName":"search_term_string"}}],"inLanguage":"en-US"},{"@type":"Organization","@id":"https:\/\/www.kaoutherdanse.com\/#organization","name":"Kaouther Ben Amor - Cours de Danse Orientale Paris","url":"https:\/\/www.kaoutherdanse.com\/","logo":{"@type":"ImageObject","inLanguage":"en-US","@id":"https:\/\/www.kaoutherdanse.com\/#\/schema\/logo\/image\/","url":"https:\/\/www.kaoutherdanse.com\/wp-content\/uploads\/2018\/11\/LogoKaoutherComplet.jpg","contentUrl":"https:\/\/www.kaoutherdanse.com\/wp-content\/uploads\/2018\/11\/LogoKaoutherComplet.jpg","width":959,"height":960,"caption":"Kaouther Ben Amor - Cours de Danse Orientale Paris"},"image":{"@id":"https:\/\/www.kaoutherdanse.com\/#\/schema\/logo\/image\/"},"sameAs":["https:\/\/www.facebook.com\/kaoutherbenamordance","https:\/\/www.instagram.com\/kaoutherdanse","https:\/\/www.youtube.com\/user\/Kaoutherdanse"]}]}},"_links":{"self":[{"href":"https:\/\/www.kaoutherdanse.com\/en\/wp-json\/wp\/v2\/pages\/26","targetHints":{"allow":["GET"]}}],"collection":[{"href":"https:\/\/www.kaoutherdanse.com\/en\/wp-json\/wp\/v2\/pages"}],"about":[{"href":"https:\/\/www.kaoutherdanse.com\/en\/wp-json\/wp\/v2\/types\/page"}],"author":[{"embeddable":true,"href":"https:\/\/www.kaoutherdanse.com\/en\/wp-json\/wp\/v2\/users\/2"}],"replies":[{"embeddable":true,"href":"https:\/\/www.kaoutherdanse.com\/en\/wp-json\/wp\/v2\/comments?post=26"}],"version-history":[{"count":16,"href":"https:\/\/www.kaoutherdanse.com\/en\/wp-json\/wp\/v2\/pages\/26\/revisions"}],"predecessor-version":[{"id":614,"href":"https:\/\/www.kaoutherdanse.com\/en\/wp-json\/wp\/v2\/pages\/26\/revisions\/614"}],"wp:attachment":[{"href":"https:\/\/www.kaoutherdanse.com\/en\/wp-json\/wp\/v2\/media?parent=26"}],"curies":[{"name":"wp","href":"https:\/\/api.w.org\/{rel}","templated":true}]}}